{"id":300,"date":"2022-08-23T15:24:30","date_gmt":"2022-08-23T18:24:30","guid":{"rendered":"https:\/\/idonea.com.br\/blog\/?page_id=300"},"modified":"2026-02-17T16:54:13","modified_gmt":"2026-02-17T19:54:13","slug":"contato","status":"publish","type":"page","link":"https:\/\/idonea.com.br\/blog\/contato\/","title":{"rendered":"Contato"},"content":{"rendered":"\t\t<div data-elementor-type=\"wp-page\" data-elementor-id=\"300\" class=\"elementor elementor-300\" data-elementor-post-type=\"page\">\n\t\t\t\t\t\t<section class=\"elementor-section elementor-top-section elementor-element elementor-element-32b0b24 elementor-section-height-min-height elementor-section-boxed elementor-section-height-default elementor-section-items-middle\" data-id=\"32b0b24\" data-element_type=\"section\" data-settings=\"{&quot;background_background&quot;:&quot;classic&quot;}\">\n\t\t\t\t\t\t<div class=\"elementor-container elementor-column-gap-default\">\n\t\t\t\t\t<div class=\"elementor-column elementor-col-100 elementor-top-column elementor-element elementor-element-7040fe3\" data-id=\"7040fe3\" data-element_type=\"column\">\n\t\t\t<div class=\"elementor-widget-wrap elementor-element-populated\">\n\t\t\t\t\t\t<div class=\"elementor-element elementor-element-8acc925 elementor-widget elementor-widget-heading\" data-id=\"8acc925\" data-element_type=\"widget\" data-widget_type=\"heading.default\">\n\t\t\t\t<div class=\"elementor-widget-container\">\n\t\t\t\t\t<h1 class=\"elementor-heading-title elementor-size-default\">\u2019\u2019Uma boa conversa, um bom<br>\n caf\u00e9, excelentes id\u00e9ias e<br>\n grandes solu\u00e7\u00f5es\u2019\u2019.<\/h1>\t\t\t\t<\/div>\n\t\t\t\t<\/div>\n\t\t\t\t\t<\/div>\n\t\t<\/div>\n\t\t\t\t\t<\/div>\n\t\t<\/section>\n\t\t\t\t<section class=\"elementor-section elementor-top-section elementor-element elementor-element-b732a8f elementor-section-full_width elementor-section-height-default elementor-section-height-default\" data-id=\"b732a8f\" data-element_type=\"section\">\n\t\t\t\t\t\t<div class=\"elementor-container elementor-column-gap-default\">\n\t\t\t\t\t<div class=\"elementor-column elementor-col-50 elementor-top-column elementor-element elementor-element-9257f38\" data-id=\"9257f38\" data-element_type=\"column\">\n\t\t\t<div class=\"elementor-widget-wrap elementor-element-populated\">\n\t\t\t\t\t\t<div class=\"elementor-element elementor-element-de66b91 elementor-widget elementor-widget-heading\" data-id=\"de66b91\" data-element_type=\"widget\" data-widget_type=\"heading.default\">\n\t\t\t\t<div class=\"elementor-widget-container\">\n\t\t\t\t\t<h2 class=\"elementor-heading-title elementor-size-default\">Agende uma visita<\/h2>\t\t\t\t<\/div>\n\t\t\t\t<\/div>\n\t\t\t\t<div class=\"elementor-element elementor-element-0dd4e72 elementor-widget elementor-widget-heading\" data-id=\"0dd4e72\" data-element_type=\"widget\" data-widget_type=\"heading.default\">\n\t\t\t\t<div class=\"elementor-widget-container\">\n\t\t\t\t\t<h2 class=\"elementor-heading-title elementor-size-default\">Realizaremos um diagn\u00f3stico dos pontos fortes e fracos da comunica\u00e7\u00e3o da sua empresa e tamb\u00e9m analisaremos o seu mercado e a concorr\u00eancia. Assim poderemos sugerir o desenvolvimento de um planejamento estrat\u00e9gico de propaganda e marketing eficiente, focado em melhorar o desempenho comercial e alinhado com seus objetivos.\n<br><br>\nEntre em contato pelo formul\u00e1rio e agende uma visita.\n<br><br><b><span style=\"color:#007DC2\">\nMarcelo Santos<\/span><\/b><br>\nGerente Comercial<\/h2>\t\t\t\t<\/div>\n\t\t\t\t<\/div>\n\t\t\t\t<div class=\"elementor-element elementor-element-db9156c elementor-position-left elementor-vertical-align-middle elementor-widget elementor-widget-image-box\" data-id=\"db9156c\" data-element_type=\"widget\" data-widget_type=\"image-box.default\">\n\t\t\t\t<div class=\"elementor-widget-container\">\n\t\t\t\t\t<div class=\"elementor-image-box-wrapper\"><figure class=\"elementor-image-box-img\"><a href=\"https:\/\/api.whatsapp.com\/send?phone=5519991527851&#038;text=Ol%C3%A1%20Id%C3%B4nea%20Comunica%C3%A7%C3%A3o\" tabindex=\"-1\"><img decoding=\"async\" width=\"31\" height=\"31\" src=\"https:\/\/idonea.com.br\/blog\/wp-content\/uploads\/2022\/08\/icone-whatsapp-idonea-comunicacao.png\" class=\"attachment-full size-full wp-image-316\" alt=\"\" \/><\/a><\/figure><div class=\"elementor-image-box-content\"><h3 class=\"elementor-image-box-title\"><a href=\"https:\/\/api.whatsapp.com\/send?phone=5519991527851&#038;text=Ol%C3%A1%20Id%C3%B4nea%20Comunica%C3%A7%C3%A3o\">(19) 99152-7851<\/a><\/h3><\/div><\/div>\t\t\t\t<\/div>\n\t\t\t\t<\/div>\n\t\t\t\t<div class=\"elementor-element elementor-element-8685879 elementor-position-left elementor-vertical-align-middle elementor-widget elementor-widget-image-box\" data-id=\"8685879\" data-element_type=\"widget\" data-widget_type=\"image-box.default\">\n\t\t\t\t<div class=\"elementor-widget-container\">\n\t\t\t\t\t<div class=\"elementor-image-box-wrapper\"><figure class=\"elementor-image-box-img\"><a href=\"mailto:comercial@idonea.com.br\" tabindex=\"-1\"><img decoding=\"async\" width=\"31\" height=\"31\" src=\"https:\/\/idonea.com.br\/blog\/wp-content\/uploads\/2022\/08\/icone-email-idonea-comunicacao.png\" class=\"attachment-full size-full wp-image-315\" alt=\"\" \/><\/a><\/figure><div class=\"elementor-image-box-content\"><h3 class=\"elementor-image-box-title\"><a href=\"mailto:comercial@idonea.com.br\">comercial@idonea.com.br<\/a><\/h3><\/div><\/div>\t\t\t\t<\/div>\n\t\t\t\t<\/div>\n\t\t\t\t\t<\/div>\n\t\t<\/div>\n\t\t\t\t<div class=\"elementor-column elementor-col-50 elementor-top-column elementor-element elementor-element-c1b30fc\" data-id=\"c1b30fc\" data-element_type=\"column\" data-settings=\"{&quot;background_background&quot;:&quot;classic&quot;}\">\n\t\t\t<div class=\"elementor-widget-wrap elementor-element-populated\">\n\t\t\t\t\t\t<div class=\"elementor-element elementor-element-3760af7 elementor-button-align-center elementor-widget elementor-widget-form\" data-id=\"3760af7\" data-element_type=\"widget\" data-settings=\"{&quot;step_next_label&quot;:&quot;Next&quot;,&quot;step_previous_label&quot;:&quot;Previous&quot;,&quot;button_width&quot;:&quot;100&quot;,&quot;step_type&quot;:&quot;number_text&quot;,&quot;step_icon_shape&quot;:&quot;circle&quot;}\" data-widget_type=\"form.default\">\n\t\t\t\t<div class=\"elementor-widget-container\">\n\t\t\t\t\t\t\t<form class=\"elementor-form\" method=\"post\" name=\"Formul\u00e1rio de Contato\" aria-label=\"Formul\u00e1rio de Contato\">\n\t\t\t<input type=\"hidden\" name=\"post_id\" value=\"300\"\/>\n\t\t\t<input type=\"hidden\" name=\"form_id\" value=\"3760af7\"\/>\n\t\t\t<input type=\"hidden\" name=\"referer_title\" value=\"Id\u00f4nea Comunica\u00e7\u00e3o | Ser Id\u00f4nea \u00e9 ser capaz&quot;\" \/>\n\n\t\t\t\t\t\t\t<input type=\"hidden\" name=\"queried_id\" value=\"300\"\/>\n\t\t\t\n\t\t\t<div class=\"elementor-form-fields-wrapper elementor-labels-above\">\n\t\t\t\t\t\t\t\t<div class=\"elementor-field-type-text elementor-field-group elementor-column elementor-field-group-name elementor-col-100 elementor-field-required\">\n\t\t\t\t\t\t\t\t\t\t\t\t<label for=\"form-field-name\" class=\"elementor-field-label\">\n\t\t\t\t\t\t\t\tNome:*\t\t\t\t\t\t\t<\/label>\n\t\t\t\t\t\t\t\t\t\t\t\t\t\t<input size=\"1\" type=\"text\" name=\"form_fields[name]\" id=\"form-field-name\" class=\"elementor-field elementor-size-sm  elementor-field-textual\" placeholder=\"Seu nome\" required=\"required\">\n\t\t\t\t\t\t\t\t\t\t\t<\/div>\n\t\t\t\t\t\t\t\t<div class=\"elementor-field-type-text elementor-field-group elementor-column elementor-field-group-field_7c1646d elementor-col-100 elementor-field-required\">\n\t\t\t\t\t\t\t\t\t\t\t\t<label for=\"form-field-field_7c1646d\" class=\"elementor-field-label\">\n\t\t\t\t\t\t\t\tEmpresa:*\t\t\t\t\t\t\t<\/label>\n\t\t\t\t\t\t\t\t\t\t\t\t\t\t<input size=\"1\" type=\"text\" name=\"form_fields[field_7c1646d]\" id=\"form-field-field_7c1646d\" class=\"elementor-field elementor-size-sm  elementor-field-textual\" placeholder=\"Seu empresa\" required=\"required\">\n\t\t\t\t\t\t\t\t\t\t\t<\/div>\n\t\t\t\t\t\t\t\t<div class=\"elementor-field-type-email elementor-field-group elementor-column elementor-field-group-email elementor-col-50 elementor-field-required\">\n\t\t\t\t\t\t\t\t\t\t\t\t<label for=\"form-field-email\" class=\"elementor-field-label\">\n\t\t\t\t\t\t\t\tE-mail:*\t\t\t\t\t\t\t<\/label>\n\t\t\t\t\t\t\t\t\t\t\t\t\t\t<input size=\"1\" type=\"email\" name=\"form_fields[email]\" id=\"form-field-email\" class=\"elementor-field elementor-size-sm  elementor-field-textual\" placeholder=\"Seu e-mail\" required=\"required\">\n\t\t\t\t\t\t\t\t\t\t\t<\/div>\n\t\t\t\t\t\t\t\t<div class=\"elementor-field-type-text elementor-field-group elementor-column elementor-field-group-field_4dc72a6 elementor-col-50 elementor-field-required\">\n\t\t\t\t\t\t\t\t\t\t\t\t<label for=\"form-field-field_4dc72a6\" class=\"elementor-field-label\">\n\t\t\t\t\t\t\t\tTelefone:*\t\t\t\t\t\t\t<\/label>\n\t\t\t\t\t\t\t\t\t\t\t\t\t\t<input size=\"1\" type=\"text\" name=\"form_fields[field_4dc72a6]\" id=\"form-field-field_4dc72a6\" class=\"elementor-field elementor-size-sm  elementor-field-textual\" placeholder=\"Seu telefone\" required=\"required\">\n\t\t\t\t\t\t\t\t\t\t\t<\/div>\n\t\t\t\t\t\t\t\t<div class=\"elementor-field-type-textarea elementor-field-group elementor-column elementor-field-group-message elementor-col-100 elementor-field-required\">\n\t\t\t\t\t\t\t\t\t\t\t\t<label for=\"form-field-message\" class=\"elementor-field-label\">\n\t\t\t\t\t\t\t\tMensagem:*\t\t\t\t\t\t\t<\/label>\n\t\t\t\t\t\t<textarea class=\"elementor-field-textual elementor-field  elementor-size-sm\" name=\"form_fields[message]\" id=\"form-field-message\" rows=\"4\" placeholder=\"Sua Messagem\" required=\"required\"><\/textarea>\t\t\t\t<\/div>\n\t\t\t\t\t\t\t\t<div class=\"elementor-field-type-recaptcha_v3 elementor-field-group elementor-column elementor-field-group-field_dffc174 elementor-col-100 recaptcha_v3-bottomright\">\n\t\t\t\t\t<div class=\"elementor-field\" id=\"form-field-field_dffc174\"><div class=\"elementor-g-recaptcha\" data-sitekey=\"6LetRwEqAAAAAI3zLdni7dcM-JqEfZeMKObaPwHO\" data-type=\"v3\" data-action=\"Form\" data-badge=\"bottomright\" data-size=\"invisible\"><\/div><\/div>\t\t\t\t<\/div>\n\t\t\t\t\t\t\t\t<div class=\"elementor-field-group elementor-column elementor-field-type-submit elementor-col-100 e-form__buttons\">\n\t\t\t\t\t<button class=\"elementor-button elementor-size-lg\" type=\"submit\">\n\t\t\t\t\t\t<span class=\"elementor-button-content-wrapper\">\n\t\t\t\t\t\t\t\t\t\t\t\t\t\t\t<span class=\"elementor-button-icon\">\n\t\t\t\t\t\t\t\t\t<i aria-hidden=\"true\" class=\"fas fa-paper-plane\"><\/i>\t\t\t\t\t\t\t\t\t\t\t\t\t\t\t\t\t<\/span>\n\t\t\t\t\t\t\t\t\t\t\t\t\t\t\t\t\t\t\t\t\t\t<span class=\"elementor-button-text\">Enviar<\/span>\n\t\t\t\t\t\t\t\t\t\t\t\t\t<\/span>\n\t\t\t\t\t<\/button>\n\t\t\t\t<\/div>\n\t\t\t<\/div>\n\t\t<\/form>\n\t\t\t\t\t\t<\/div>\n\t\t\t\t<\/div>\n\t\t\t\t\t<\/div>\n\t\t<\/div>\n\t\t\t\t\t<\/div>\n\t\t<\/section>\n\t\t\t\t<\/div>\n\t\t","protected":false},"excerpt":{"rendered":"<p>\u2019\u2019Uma boa conversa, um bom caf\u00e9, excelentes id\u00e9ias e grandes solu\u00e7\u00f5es\u2019\u2019. Agende uma visita Realizaremos um diagn\u00f3stico dos pontos fortes e fracos da comunica\u00e7\u00e3o da sua empresa e tamb\u00e9m analisaremos o seu mercado e a concorr\u00eancia. Assim poderemos sugerir o desenvolvimento de um planejamento estrat\u00e9gico de propaganda e marketing eficiente, focado em melhorar o desempenho [&hellip;]<\/p>\n","protected":false},"author":1,"featured_media":0,"parent":0,"menu_order":0,"comment_status":"closed","ping_status":"closed","template":"","meta":{"inline_featured_image":false,"footnotes":""},"class_list":["post-300","page","type-page","status-publish","hentry"],"yoast_head":"<!-- This site is optimized with the Yoast SEO plugin v27.6 - https:\/\/yoast.com\/product\/yoast-seo-wordpress\/ -->\n<title>Id\u00f4nea Comunica\u00e7\u00e3o | Ser Id\u00f4nea \u00e9 ser capaz&quot;<\/title>\n<meta name=\"description\" content=\"Entre em contato e agende uma visita, conhe\u00e7a mais sobre a Id\u00f4nea Comunica\u00e7\u00e3o e nossas solu\u00e7\u00f4es em publicidade e marketing.\" \/>\n<meta name=\"robots\" content=\"index, follow, max-snippet:-1, max-image-preview:large, max-video-preview:-1\" \/>\n<link rel=\"canonical\" href=\"https:\/\/idonea.com.br\/blog\/contato\/\" \/>\n<meta property=\"og:locale\" content=\"pt_BR\" \/>\n<meta property=\"og:type\" content=\"article\" \/>\n<meta property=\"og:title\" content=\"Id\u00f4nea Comunica\u00e7\u00e3o | Ser Id\u00f4nea \u00e9 ser capaz&quot;\" \/>\n<meta property=\"og:description\" content=\"Entre em contato e agende uma visita, conhe\u00e7a mais sobre a Id\u00f4nea Comunica\u00e7\u00e3o e nossas solu\u00e7\u00f4es em publicidade e marketing.\" \/>\n<meta property=\"og:url\" content=\"https:\/\/idonea.com.br\/blog\/contato\/\" \/>\n<meta property=\"og:site_name\" content=\"Id\u00f4nea\" \/>\n<meta property=\"article:modified_time\" content=\"2026-02-17T19:54:13+00:00\" \/>\n<meta property=\"og:image\" content=\"https:\/\/idonea.com.br\/blog\/wp-content\/uploads\/2022\/08\/icone-whatsapp-idonea-comunicacao.png\" \/>\n\t<meta property=\"og:image:width\" content=\"31\" \/>\n\t<meta property=\"og:image:height\" content=\"31\" \/>\n\t<meta property=\"og:image:type\" content=\"image\/png\" \/>\n<meta name=\"twitter:card\" content=\"summary_large_image\" \/>\n<meta name=\"twitter:label1\" content=\"Est. tempo de leitura\" \/>\n\t<meta name=\"twitter:data1\" content=\"1 minuto\" \/>\n<script type=\"application\/ld+json\" class=\"yoast-schema-graph\">{\"@context\":\"https:\\\/\\\/schema.org\",\"@graph\":[{\"@type\":\"WebPage\",\"@id\":\"https:\\\/\\\/idonea.com.br\\\/blog\\\/contato\\\/\",\"url\":\"https:\\\/\\\/idonea.com.br\\\/blog\\\/contato\\\/\",\"name\":\"Id\u00f4nea Comunica\u00e7\u00e3o | Ser Id\u00f4nea \u00e9 ser capaz\\\"\",\"isPartOf\":{\"@id\":\"https:\\\/\\\/idonea.com.br\\\/blog\\\/#website\"},\"primaryImageOfPage\":{\"@id\":\"https:\\\/\\\/idonea.com.br\\\/blog\\\/contato\\\/#primaryimage\"},\"image\":{\"@id\":\"https:\\\/\\\/idonea.com.br\\\/blog\\\/contato\\\/#primaryimage\"},\"thumbnailUrl\":\"https:\\\/\\\/idonea.com.br\\\/blog\\\/wp-content\\\/uploads\\\/2022\\\/08\\\/icone-whatsapp-idonea-comunicacao.png\",\"datePublished\":\"2022-08-23T18:24:30+00:00\",\"dateModified\":\"2026-02-17T19:54:13+00:00\",\"description\":\"Entre em contato e agende uma visita, conhe\u00e7a mais sobre a Id\u00f4nea Comunica\u00e7\u00e3o e nossas solu\u00e7\u00f4es em publicidade e marketing.\",\"breadcrumb\":{\"@id\":\"https:\\\/\\\/idonea.com.br\\\/blog\\\/contato\\\/#breadcrumb\"},\"inLanguage\":\"pt-BR\",\"potentialAction\":[{\"@type\":\"ReadAction\",\"target\":[\"https:\\\/\\\/idonea.com.br\\\/blog\\\/contato\\\/\"]}]},{\"@type\":\"ImageObject\",\"inLanguage\":\"pt-BR\",\"@id\":\"https:\\\/\\\/idonea.com.br\\\/blog\\\/contato\\\/#primaryimage\",\"url\":\"https:\\\/\\\/idonea.com.br\\\/blog\\\/wp-content\\\/uploads\\\/2022\\\/08\\\/icone-whatsapp-idonea-comunicacao.png\",\"contentUrl\":\"https:\\\/\\\/idonea.com.br\\\/blog\\\/wp-content\\\/uploads\\\/2022\\\/08\\\/icone-whatsapp-idonea-comunicacao.png\",\"width\":31,\"height\":31},{\"@type\":\"BreadcrumbList\",\"@id\":\"https:\\\/\\\/idonea.com.br\\\/blog\\\/contato\\\/#breadcrumb\",\"itemListElement\":[{\"@type\":\"ListItem\",\"position\":1,\"name\":\"In\u00edcio\",\"item\":\"https:\\\/\\\/idonea.com.br\\\/blog\\\/\"},{\"@type\":\"ListItem\",\"position\":2,\"name\":\"Contato\"}]},{\"@type\":\"WebSite\",\"@id\":\"https:\\\/\\\/idonea.com.br\\\/blog\\\/#website\",\"url\":\"https:\\\/\\\/idonea.com.br\\\/blog\\\/\",\"name\":\"Id\u00f4nea\",\"description\":\"Consultoria em Comunica\u00e7\u00e3o\",\"publisher\":{\"@id\":\"https:\\\/\\\/idonea.com.br\\\/blog\\\/#organization\"},\"potentialAction\":[{\"@type\":\"SearchAction\",\"target\":{\"@type\":\"EntryPoint\",\"urlTemplate\":\"https:\\\/\\\/idonea.com.br\\\/blog\\\/?s={search_term_string}\"},\"query-input\":{\"@type\":\"PropertyValueSpecification\",\"valueRequired\":true,\"valueName\":\"search_term_string\"}}],\"inLanguage\":\"pt-BR\"},{\"@type\":\"Organization\",\"@id\":\"https:\\\/\\\/idonea.com.br\\\/blog\\\/#organization\",\"name\":\"Id\u00f4nea\",\"url\":\"https:\\\/\\\/idonea.com.br\\\/blog\\\/\",\"logo\":{\"@type\":\"ImageObject\",\"inLanguage\":\"pt-BR\",\"@id\":\"https:\\\/\\\/idonea.com.br\\\/blog\\\/#\\\/schema\\\/logo\\\/image\\\/\",\"url\":\"https:\\\/\\\/idonea.com.br\\\/blog\\\/wp-content\\\/uploads\\\/2021\\\/09\\\/logo-idonea-comunicacao.svg\",\"contentUrl\":\"https:\\\/\\\/idonea.com.br\\\/blog\\\/wp-content\\\/uploads\\\/2021\\\/09\\\/logo-idonea-comunicacao.svg\",\"width\":66,\"height\":18,\"caption\":\"Id\u00f4nea\"},\"image\":{\"@id\":\"https:\\\/\\\/idonea.com.br\\\/blog\\\/#\\\/schema\\\/logo\\\/image\\\/\"}}]}<\/script>\n<!-- \/ Yoast SEO plugin. -->","yoast_head_json":{"title":"Id\u00f4nea Comunica\u00e7\u00e3o | Ser Id\u00f4nea \u00e9 ser capaz\"","description":"Entre em contato e agende uma visita, conhe\u00e7a mais sobre a Id\u00f4nea Comunica\u00e7\u00e3o e nossas solu\u00e7\u00f4es em publicidade e marketing.","robots":{"index":"index","follow":"follow","max-snippet":"max-snippet:-1","max-image-preview":"max-image-preview:large","max-video-preview":"max-video-preview:-1"},"canonical":"https:\/\/idonea.com.br\/blog\/contato\/","og_locale":"pt_BR","og_type":"article","og_title":"Id\u00f4nea Comunica\u00e7\u00e3o | Ser Id\u00f4nea \u00e9 ser capaz\"","og_description":"Entre em contato e agende uma visita, conhe\u00e7a mais sobre a Id\u00f4nea Comunica\u00e7\u00e3o e nossas solu\u00e7\u00f4es em publicidade e marketing.","og_url":"https:\/\/idonea.com.br\/blog\/contato\/","og_site_name":"Id\u00f4nea","article_modified_time":"2026-02-17T19:54:13+00:00","og_image":[{"width":31,"height":31,"url":"https:\/\/idonea.com.br\/blog\/wp-content\/uploads\/2022\/08\/icone-whatsapp-idonea-comunicacao.png","type":"image\/png"}],"twitter_card":"summary_large_image","twitter_misc":{"Est. tempo de leitura":"1 minuto"},"schema":{"@context":"https:\/\/schema.org","@graph":[{"@type":"WebPage","@id":"https:\/\/idonea.com.br\/blog\/contato\/","url":"https:\/\/idonea.com.br\/blog\/contato\/","name":"Id\u00f4nea Comunica\u00e7\u00e3o | Ser Id\u00f4nea \u00e9 ser capaz\"","isPartOf":{"@id":"https:\/\/idonea.com.br\/blog\/#website"},"primaryImageOfPage":{"@id":"https:\/\/idonea.com.br\/blog\/contato\/#primaryimage"},"image":{"@id":"https:\/\/idonea.com.br\/blog\/contato\/#primaryimage"},"thumbnailUrl":"https:\/\/idonea.com.br\/blog\/wp-content\/uploads\/2022\/08\/icone-whatsapp-idonea-comunicacao.png","datePublished":"2022-08-23T18:24:30+00:00","dateModified":"2026-02-17T19:54:13+00:00","description":"Entre em contato e agende uma visita, conhe\u00e7a mais sobre a Id\u00f4nea Comunica\u00e7\u00e3o e nossas solu\u00e7\u00f4es em publicidade e marketing.","breadcrumb":{"@id":"https:\/\/idonea.com.br\/blog\/contato\/#breadcrumb"},"inLanguage":"pt-BR","potentialAction":[{"@type":"ReadAction","target":["https:\/\/idonea.com.br\/blog\/contato\/"]}]},{"@type":"ImageObject","inLanguage":"pt-BR","@id":"https:\/\/idonea.com.br\/blog\/contato\/#primaryimage","url":"https:\/\/idonea.com.br\/blog\/wp-content\/uploads\/2022\/08\/icone-whatsapp-idonea-comunicacao.png","contentUrl":"https:\/\/idonea.com.br\/blog\/wp-content\/uploads\/2022\/08\/icone-whatsapp-idonea-comunicacao.png","width":31,"height":31},{"@type":"BreadcrumbList","@id":"https:\/\/idonea.com.br\/blog\/contato\/#breadcrumb","itemListElement":[{"@type":"ListItem","position":1,"name":"In\u00edcio","item":"https:\/\/idonea.com.br\/blog\/"},{"@type":"ListItem","position":2,"name":"Contato"}]},{"@type":"WebSite","@id":"https:\/\/idonea.com.br\/blog\/#website","url":"https:\/\/idonea.com.br\/blog\/","name":"Id\u00f4nea","description":"Consultoria em Comunica\u00e7\u00e3o","publisher":{"@id":"https:\/\/idonea.com.br\/blog\/#organization"},"potentialAction":[{"@type":"SearchAction","target":{"@type":"EntryPoint","urlTemplate":"https:\/\/idonea.com.br\/blog\/?s={search_term_string}"},"query-input":{"@type":"PropertyValueSpecification","valueRequired":true,"valueName":"search_term_string"}}],"inLanguage":"pt-BR"},{"@type":"Organization","@id":"https:\/\/idonea.com.br\/blog\/#organization","name":"Id\u00f4nea","url":"https:\/\/idonea.com.br\/blog\/","logo":{"@type":"ImageObject","inLanguage":"pt-BR","@id":"https:\/\/idonea.com.br\/blog\/#\/schema\/logo\/image\/","url":"https:\/\/idonea.com.br\/blog\/wp-content\/uploads\/2021\/09\/logo-idonea-comunicacao.svg","contentUrl":"https:\/\/idonea.com.br\/blog\/wp-content\/uploads\/2021\/09\/logo-idonea-comunicacao.svg","width":66,"height":18,"caption":"Id\u00f4nea"},"image":{"@id":"https:\/\/idonea.com.br\/blog\/#\/schema\/logo\/image\/"}}]}},"_links":{"self":[{"href":"https:\/\/idonea.com.br\/blog\/wp-json\/wp\/v2\/pages\/300","targetHints":{"allow":["GET"]}}],"collection":[{"href":"https:\/\/idonea.com.br\/blog\/wp-json\/wp\/v2\/pages"}],"about":[{"href":"https:\/\/idonea.com.br\/blog\/wp-json\/wp\/v2\/types\/page"}],"author":[{"embeddable":true,"href":"https:\/\/idonea.com.br\/blog\/wp-json\/wp\/v2\/users\/1"}],"replies":[{"embeddable":true,"href":"https:\/\/idonea.com.br\/blog\/wp-json\/wp\/v2\/comments?post=300"}],"version-history":[{"count":85,"href":"https:\/\/idonea.com.br\/blog\/wp-json\/wp\/v2\/pages\/300\/revisions"}],"predecessor-version":[{"id":2321,"href":"https:\/\/idonea.com.br\/blog\/wp-json\/wp\/v2\/pages\/300\/revisions\/2321"}],"wp:attachment":[{"href":"https:\/\/idonea.com.br\/blog\/wp-json\/wp\/v2\/media?parent=300"}],"curies":[{"name":"wp","href":"https:\/\/api.w.org\/{rel}","templated":true}]}}