{"id":346,"date":"2022-08-23T16:27:56","date_gmt":"2022-08-23T19:27:56","guid":{"rendered":"https:\/\/idonea.com.br\/blog\/?page_id=346"},"modified":"2025-07-21T16:46:39","modified_gmt":"2025-07-21T19:46:39","slug":"portfolio","status":"publish","type":"page","link":"https:\/\/idonea.com.br\/blog\/portfolio\/","title":{"rendered":"Portf\u00f3lio"},"content":{"rendered":"\t\t<div data-elementor-type=\"wp-page\" data-elementor-id=\"346\" class=\"elementor elementor-346\" data-elementor-post-type=\"page\">\n\t\t\t\t\t\t<section class=\"elementor-section elementor-top-section elementor-element elementor-element-32b0b24 elementor-section-height-min-height elementor-section-boxed elementor-section-height-default elementor-section-items-middle\" data-id=\"32b0b24\" data-element_type=\"section\" data-settings=\"{&quot;background_background&quot;:&quot;classic&quot;}\">\n\t\t\t\t\t\t<div class=\"elementor-container elementor-column-gap-default\">\n\t\t\t\t\t<div class=\"elementor-column elementor-col-100 elementor-top-column elementor-element elementor-element-7040fe3\" data-id=\"7040fe3\" data-element_type=\"column\">\n\t\t\t<div class=\"elementor-widget-wrap elementor-element-populated\">\n\t\t\t\t\t\t<div class=\"elementor-element elementor-element-8acc925 elementor-widget elementor-widget-heading\" data-id=\"8acc925\" data-element_type=\"widget\" data-widget_type=\"heading.default\">\n\t\t\t\t<div class=\"elementor-widget-container\">\n\t\t\t\t\t<h1 class=\"elementor-heading-title elementor-size-default\">Conhe\u00e7a alguns dos<br>\nnossos cases, solicite<br>\no nosso portf\u00f3lio.<\/h1>\t\t\t\t<\/div>\n\t\t\t\t<\/div>\n\t\t\t\t\t<\/div>\n\t\t<\/div>\n\t\t\t\t\t<\/div>\n\t\t<\/section>\n\t\t\t\t<section class=\"elementor-section elementor-top-section elementor-element elementor-element-b732a8f elementor-section-boxed elementor-section-height-default elementor-section-height-default\" data-id=\"b732a8f\" data-element_type=\"section\">\n\t\t\t\t\t\t<div class=\"elementor-container elementor-column-gap-default\">\n\t\t\t\t\t<div class=\"elementor-column elementor-col-50 elementor-top-column elementor-element elementor-element-9257f38\" data-id=\"9257f38\" data-element_type=\"column\">\n\t\t\t<div class=\"elementor-widget-wrap elementor-element-populated\">\n\t\t\t\t\t\t<div class=\"elementor-element elementor-element-0dd4e72 elementor-widget elementor-widget-heading\" data-id=\"0dd4e72\" data-element_type=\"widget\" data-widget_type=\"heading.default\">\n\t\t\t\t<div class=\"elementor-widget-container\">\n\t\t\t\t\t<h2 class=\"elementor-heading-title elementor-size-default\">Desenvolvemos ao longo dos anos uma infinidade de servi\u00e7os e transformamos a comunica\u00e7\u00e3o de muitas empresas, e alguns destes trabalhos foram selecionados para nosso o <b>portf\u00f3lio<\/b>.\n<br><br>\nFa\u00e7a o download da nossa apresenta\u00e7\u00e3o ou solicite o portf\u00f3lio, pois quando se trata de comunica\u00e7\u00e3o e planejamento a <b>Id\u00f4nea<\/b> p\u00f5e a m\u00e3o na massa.<\/h2>\t\t\t\t<\/div>\n\t\t\t\t<\/div>\n\t\t\t\t<div class=\"elementor-element elementor-element-db9156c elementor-position-left elementor-vertical-align-top elementor-widget elementor-widget-image-box\" data-id=\"db9156c\" data-element_type=\"widget\" data-widget_type=\"image-box.default\">\n\t\t\t\t<div class=\"elementor-widget-container\">\n\t\t\t\t\t<div class=\"elementor-image-box-wrapper\"><figure class=\"elementor-image-box-img\"><a href=\"https:\/\/api.whatsapp.com\/send?phone=5519991527851&#038;text=Ol%C3%A1%20Id%C3%B4nea%20Comunica%C3%A7%C3%A3o\" tabindex=\"-1\"><img decoding=\"async\" width=\"69\" height=\"92\" src=\"https:\/\/idonea.com.br\/blog\/wp-content\/uploads\/2022\/08\/icone-portifolio-tablet-idonea-comunicacao.png\" class=\"attachment-full size-full wp-image-356\" alt=\"\" \/><\/a><\/figure><div class=\"elementor-image-box-content\"><h3 class=\"elementor-image-box-title\"><a href=\"https:\/\/api.whatsapp.com\/send?phone=5519991527851&#038;text=Ol%C3%A1%20Id%C3%B4nea%20Comunica%C3%A7%C3%A3o\">Clique aqui para fazer<br> o download da nossa<br> apresenta\u00e7\u00e3o.<\/a><\/h3><\/div><\/div>\t\t\t\t<\/div>\n\t\t\t\t<\/div>\n\t\t\t\t<div class=\"elementor-element elementor-element-54d03c0 elementor-hidden-tablet elementor-hidden-mobile elementor-widget elementor-widget-button\" data-id=\"54d03c0\" data-element_type=\"widget\" data-widget_type=\"button.default\">\n\t\t\t\t<div class=\"elementor-widget-container\">\n\t\t\t\t\t\t\t\t\t<div class=\"elementor-button-wrapper\">\n\t\t\t\t\t<a class=\"elementor-button elementor-button-link elementor-size-md\" href=\"https:\/\/idonea.com.br\/blog\/wp-content\/uploads\/2025\/07\/apresentacao-idonea-comunicacao.pdf\" target=\"_blank\">\n\t\t\t\t\t\t<span class=\"elementor-button-content-wrapper\">\n\t\t\t\t\t\t<span class=\"elementor-button-icon\">\n\t\t\t\t<i aria-hidden=\"true\" class=\"fas fa-long-arrow-alt-down\"><\/i>\t\t\t<\/span>\n\t\t\t\t\t\t\t\t\t<span class=\"elementor-button-text\">Baixar<\/span>\n\t\t\t\t\t<\/span>\n\t\t\t\t\t<\/a>\n\t\t\t\t<\/div>\n\t\t\t\t\t\t\t\t<\/div>\n\t\t\t\t<\/div>\n\t\t\t\t<div class=\"elementor-element elementor-element-d9cbe77 elementor-mobile-align-center elementor-hidden-desktop elementor-widget elementor-widget-button\" data-id=\"d9cbe77\" data-element_type=\"widget\" data-widget_type=\"button.default\">\n\t\t\t\t<div class=\"elementor-widget-container\">\n\t\t\t\t\t\t\t\t\t<div class=\"elementor-button-wrapper\">\n\t\t\t\t\t<a class=\"elementor-button elementor-button-link elementor-size-md\" href=\"https:\/\/idonea.com.br\/blog\/wp-content\/uploads\/2025\/07\/apresentacao-idonea-comunicacao.pdf\" target=\"_blank\">\n\t\t\t\t\t\t<span class=\"elementor-button-content-wrapper\">\n\t\t\t\t\t\t<span class=\"elementor-button-icon\">\n\t\t\t\t<i aria-hidden=\"true\" class=\"fas fa-long-arrow-alt-down\"><\/i>\t\t\t<\/span>\n\t\t\t\t\t\t\t\t\t<span class=\"elementor-button-text\">Baixar<\/span>\n\t\t\t\t\t<\/span>\n\t\t\t\t\t<\/a>\n\t\t\t\t<\/div>\n\t\t\t\t\t\t\t\t<\/div>\n\t\t\t\t<\/div>\n\t\t\t\t\t<\/div>\n\t\t<\/div>\n\t\t\t\t<div class=\"elementor-column elementor-col-50 elementor-top-column elementor-element elementor-element-15e5fe2\" data-id=\"15e5fe2\" data-element_type=\"column\">\n\t\t\t<div class=\"elementor-widget-wrap elementor-element-populated\">\n\t\t\t\t\t\t<div class=\"elementor-element elementor-element-9d6bce3 elementor-widget elementor-widget-image\" data-id=\"9d6bce3\" data-element_type=\"widget\" data-widget_type=\"image.default\">\n\t\t\t\t<div class=\"elementor-widget-container\">\n\t\t\t\t\t\t\t\t\t\t\t\t\t\t\t<img fetchpriority=\"high\" decoding=\"async\" width=\"768\" height=\"510\" src=\"https:\/\/idonea.com.br\/blog\/wp-content\/uploads\/2022\/08\/foto-portifolio-celular-idonea-comunicacao.png\" class=\"attachment-large size-large wp-image-354\" alt=\"\" srcset=\"https:\/\/idonea.com.br\/blog\/wp-content\/uploads\/2022\/08\/foto-portifolio-celular-idonea-comunicacao.png 768w, https:\/\/idonea.com.br\/blog\/wp-content\/uploads\/2022\/08\/foto-portifolio-celular-idonea-comunicacao-300x199.png 300w\" sizes=\"(max-width: 768px) 100vw, 768px\" \/>\t\t\t\t\t\t\t\t\t\t\t\t\t\t\t<\/div>\n\t\t\t\t<\/div>\n\t\t\t\t\t<\/div>\n\t\t<\/div>\n\t\t\t\t\t<\/div>\n\t\t<\/section>\n\t\t\t\t<section class=\"elementor-section elementor-top-section elementor-element elementor-element-d45bede elementor-section-boxed elementor-section-height-default elementor-section-height-default\" data-id=\"d45bede\" data-element_type=\"section\" data-settings=\"{&quot;background_background&quot;:&quot;classic&quot;}\">\n\t\t\t\t\t\t<div class=\"elementor-container elementor-column-gap-default\">\n\t\t\t\t\t<div class=\"elementor-column elementor-col-100 elementor-top-column elementor-element elementor-element-c1873a3\" data-id=\"c1873a3\" data-element_type=\"column\" data-settings=\"{&quot;background_background&quot;:&quot;classic&quot;}\">\n\t\t\t<div class=\"elementor-widget-wrap elementor-element-populated\">\n\t\t\t\t\t\t<div class=\"elementor-element elementor-element-bfe7fae elementor-widget elementor-widget-heading\" data-id=\"bfe7fae\" data-element_type=\"widget\" data-widget_type=\"heading.default\">\n\t\t\t\t<div class=\"elementor-widget-container\">\n\t\t\t\t\t<h2 class=\"elementor-heading-title elementor-size-default\">Portf\u00f3lio<\/h2>\t\t\t\t<\/div>\n\t\t\t\t<\/div>\n\t\t\t\t<div class=\"elementor-element elementor-element-b6d03f0 elementor-widget elementor-widget-heading\" data-id=\"b6d03f0\" data-element_type=\"widget\" data-widget_type=\"heading.default\">\n\t\t\t\t<div class=\"elementor-widget-container\">\n\t\t\t\t\t<p class=\"elementor-heading-title elementor-size-default\">Preencha o formul\u00e1rio abaixo e solicite o nosso portf\u00f3lio.<\/p>\t\t\t\t<\/div>\n\t\t\t\t<\/div>\n\t\t\t\t<div class=\"elementor-element elementor-element-33bc065 elementor-button-align-center elementor-widget elementor-widget-form\" data-id=\"33bc065\" data-element_type=\"widget\" data-settings=\"{&quot;step_next_label&quot;:&quot;Next&quot;,&quot;step_previous_label&quot;:&quot;Previous&quot;,&quot;button_width&quot;:&quot;100&quot;,&quot;step_type&quot;:&quot;number_text&quot;,&quot;step_icon_shape&quot;:&quot;circle&quot;}\" data-widget_type=\"form.default\">\n\t\t\t\t<div class=\"elementor-widget-container\">\n\t\t\t\t\t\t\t<form class=\"elementor-form\" method=\"post\" name=\"Formul\u00e1rio do Portf\u00f3lio\" aria-label=\"Formul\u00e1rio do Portf\u00f3lio\">\n\t\t\t<input type=\"hidden\" name=\"post_id\" value=\"346\"\/>\n\t\t\t<input type=\"hidden\" name=\"form_id\" value=\"33bc065\"\/>\n\t\t\t<input type=\"hidden\" name=\"referer_title\" value=\"Id\u00f4nea Comunica\u00e7\u00e3o | Ser Id\u00f4nea \u00e9 ser capaz&quot;\" \/>\n\n\t\t\t\t\t\t\t<input type=\"hidden\" name=\"queried_id\" value=\"346\"\/>\n\t\t\t\n\t\t\t<div class=\"elementor-form-fields-wrapper elementor-labels-above\">\n\t\t\t\t\t\t\t\t<div class=\"elementor-field-type-text elementor-field-group elementor-column elementor-field-group-name elementor-col-100 elementor-field-required\">\n\t\t\t\t\t\t\t\t\t\t\t\t<label for=\"form-field-name\" class=\"elementor-field-label\">\n\t\t\t\t\t\t\t\tNome:*\t\t\t\t\t\t\t<\/label>\n\t\t\t\t\t\t\t\t\t\t\t\t\t\t<input size=\"1\" type=\"text\" name=\"form_fields[name]\" id=\"form-field-name\" class=\"elementor-field elementor-size-sm  elementor-field-textual\" placeholder=\"Seu nome\" required=\"required\">\n\t\t\t\t\t\t\t\t\t\t\t<\/div>\n\t\t\t\t\t\t\t\t<div class=\"elementor-field-type-text elementor-field-group elementor-column elementor-field-group-field_7c1646d elementor-col-100 elementor-field-required\">\n\t\t\t\t\t\t\t\t\t\t\t\t<label for=\"form-field-field_7c1646d\" class=\"elementor-field-label\">\n\t\t\t\t\t\t\t\tEmpresa:*\t\t\t\t\t\t\t<\/label>\n\t\t\t\t\t\t\t\t\t\t\t\t\t\t<input size=\"1\" type=\"text\" name=\"form_fields[field_7c1646d]\" id=\"form-field-field_7c1646d\" class=\"elementor-field elementor-size-sm  elementor-field-textual\" placeholder=\"Seu empresa\" required=\"required\">\n\t\t\t\t\t\t\t\t\t\t\t<\/div>\n\t\t\t\t\t\t\t\t<div class=\"elementor-field-type-email elementor-field-group elementor-column elementor-field-group-email elementor-col-50 elementor-field-required\">\n\t\t\t\t\t\t\t\t\t\t\t\t<label for=\"form-field-email\" class=\"elementor-field-label\">\n\t\t\t\t\t\t\t\tE-mail:*\t\t\t\t\t\t\t<\/label>\n\t\t\t\t\t\t\t\t\t\t\t\t\t\t<input size=\"1\" type=\"email\" name=\"form_fields[email]\" id=\"form-field-email\" class=\"elementor-field elementor-size-sm  elementor-field-textual\" placeholder=\"Seu e-mail\" required=\"required\">\n\t\t\t\t\t\t\t\t\t\t\t<\/div>\n\t\t\t\t\t\t\t\t<div class=\"elementor-field-type-tel elementor-field-group elementor-column elementor-field-group-field_fb6c8c6 elementor-col-50 elementor-field-required\">\n\t\t\t\t\t\t\t\t\t\t\t\t<label for=\"form-field-field_fb6c8c6\" class=\"elementor-field-label\">\n\t\t\t\t\t\t\t\tTelefone:*\t\t\t\t\t\t\t<\/label>\n\t\t\t\t\t\t\t\t<input size=\"1\" type=\"tel\" name=\"form_fields[field_fb6c8c6]\" id=\"form-field-field_fb6c8c6\" class=\"elementor-field elementor-size-sm  elementor-field-textual\" placeholder=\"Seu telefone\" required=\"required\" pattern=\"[0-9()#&amp;+*-=.]+\" title=\"Apenas n\u00fameros e caracteres de telefone (#, -, *, etc.) s\u00e3o aceitos.\">\n\n\t\t\t\t\t\t<\/div>\n\t\t\t\t\t\t\t\t<div class=\"elementor-field-type-textarea elementor-field-group elementor-column elementor-field-group-message elementor-col-100 elementor-field-required\">\n\t\t\t\t\t\t\t\t\t\t\t\t<label for=\"form-field-message\" class=\"elementor-field-label\">\n\t\t\t\t\t\t\t\tMensagem:*\t\t\t\t\t\t\t<\/label>\n\t\t\t\t\t\t<textarea class=\"elementor-field-textual elementor-field  elementor-size-sm\" name=\"form_fields[message]\" id=\"form-field-message\" rows=\"4\" placeholder=\"Sua Messagem\" required=\"required\"><\/textarea>\t\t\t\t<\/div>\n\t\t\t\t\t\t\t\t<div class=\"elementor-field-type-recaptcha_v3 elementor-field-group elementor-column elementor-field-group-field_4d77ed4 elementor-col-100 recaptcha_v3-bottomright\">\n\t\t\t\t\t<div class=\"elementor-field\" id=\"form-field-field_4d77ed4\"><div class=\"elementor-g-recaptcha\" data-sitekey=\"6LetRwEqAAAAAI3zLdni7dcM-JqEfZeMKObaPwHO\" data-type=\"v3\" data-action=\"Form\" data-badge=\"bottomright\" data-size=\"invisible\"><\/div><\/div>\t\t\t\t<\/div>\n\t\t\t\t\t\t\t\t<div class=\"elementor-field-group elementor-column elementor-field-type-submit elementor-col-100 e-form__buttons\">\n\t\t\t\t\t<button class=\"elementor-button elementor-size-lg\" type=\"submit\">\n\t\t\t\t\t\t<span class=\"elementor-button-content-wrapper\">\n\t\t\t\t\t\t\t\t\t\t\t\t\t\t\t<span class=\"elementor-button-icon\">\n\t\t\t\t\t\t\t\t\t<i aria-hidden=\"true\" class=\"fas fa-paper-plane\"><\/i>\t\t\t\t\t\t\t\t\t\t\t\t\t\t\t\t\t<\/span>\n\t\t\t\t\t\t\t\t\t\t\t\t\t\t\t\t\t\t\t\t\t\t<span class=\"elementor-button-text\">Enviar<\/span>\n\t\t\t\t\t\t\t\t\t\t\t\t\t<\/span>\n\t\t\t\t\t<\/button>\n\t\t\t\t<\/div>\n\t\t\t<\/div>\n\t\t<\/form>\n\t\t\t\t\t\t<\/div>\n\t\t\t\t<\/div>\n\t\t\t\t\t<\/div>\n\t\t<\/div>\n\t\t\t\t\t<\/div>\n\t\t<\/section>\n\t\t\t\t<\/div>\n\t\t","protected":false},"excerpt":{"rendered":"<p>Conhe\u00e7a alguns dos nossos cases, solicite o nosso portf\u00f3lio. Desenvolvemos ao longo dos anos uma infinidade de servi\u00e7os e transformamos a comunica\u00e7\u00e3o de muitas empresas, e alguns destes trabalhos foram selecionados para nosso o portf\u00f3lio. Fa\u00e7a o download da nossa apresenta\u00e7\u00e3o ou solicite o portf\u00f3lio, pois quando se trata de comunica\u00e7\u00e3o e planejamento a Id\u00f4nea [&hellip;]<\/p>\n","protected":false},"author":1,"featured_media":0,"parent":0,"menu_order":0,"comment_status":"closed","ping_status":"closed","template":"","meta":{"inline_featured_image":false,"footnotes":""},"class_list":["post-346","page","type-page","status-publish","hentry"],"yoast_head":"<!-- This site is optimized with the Yoast SEO plugin v27.3 - https:\/\/yoast.com\/product\/yoast-seo-wordpress\/ -->\n<title>Id\u00f4nea Comunica\u00e7\u00e3o | Ser Id\u00f4nea \u00e9 ser capaz&quot;<\/title>\n<meta name=\"description\" content=\"Veja nosso portf\u00f3lio e algumas das solu\u00e7\u00f5es de comunica\u00e7\u00e3o que a Id\u00f4nea Comunica\u00e7\u00e3o desenvolveu ao longo dos anos.\" \/>\n<meta name=\"robots\" content=\"index, follow, max-snippet:-1, max-image-preview:large, max-video-preview:-1\" \/>\n<link rel=\"canonical\" href=\"https:\/\/idonea.com.br\/blog\/portfolio\/\" \/>\n<meta property=\"og:locale\" content=\"pt_BR\" \/>\n<meta property=\"og:type\" content=\"article\" \/>\n<meta property=\"og:title\" content=\"Id\u00f4nea Comunica\u00e7\u00e3o | Ser Id\u00f4nea \u00e9 ser capaz&quot;\" \/>\n<meta property=\"og:description\" content=\"Veja nosso portf\u00f3lio e algumas das solu\u00e7\u00f5es de comunica\u00e7\u00e3o que a Id\u00f4nea Comunica\u00e7\u00e3o desenvolveu ao longo dos anos.\" \/>\n<meta property=\"og:url\" content=\"https:\/\/idonea.com.br\/blog\/portfolio\/\" \/>\n<meta property=\"og:site_name\" content=\"Id\u00f4nea\" \/>\n<meta property=\"article:modified_time\" content=\"2025-07-21T19:46:39+00:00\" \/>\n<meta property=\"og:image\" content=\"https:\/\/idonea.com.br\/blog\/wp-content\/uploads\/2022\/08\/icone-portifolio-tablet-idonea-comunicacao.png\" \/>\n\t<meta property=\"og:image:width\" content=\"69\" \/>\n\t<meta property=\"og:image:height\" content=\"92\" \/>\n\t<meta property=\"og:image:type\" content=\"image\/png\" \/>\n<meta name=\"twitter:card\" content=\"summary_large_image\" \/>\n<meta name=\"twitter:label1\" content=\"Est. tempo de leitura\" \/>\n\t<meta name=\"twitter:data1\" content=\"1 minuto\" \/>\n<script type=\"application\/ld+json\" class=\"yoast-schema-graph\">{\"@context\":\"https:\\\/\\\/schema.org\",\"@graph\":[{\"@type\":\"WebPage\",\"@id\":\"https:\\\/\\\/idonea.com.br\\\/blog\\\/portfolio\\\/\",\"url\":\"https:\\\/\\\/idonea.com.br\\\/blog\\\/portfolio\\\/\",\"name\":\"Id\u00f4nea Comunica\u00e7\u00e3o | Ser Id\u00f4nea \u00e9 ser capaz\\\"\",\"isPartOf\":{\"@id\":\"https:\\\/\\\/idonea.com.br\\\/blog\\\/#website\"},\"primaryImageOfPage\":{\"@id\":\"https:\\\/\\\/idonea.com.br\\\/blog\\\/portfolio\\\/#primaryimage\"},\"image\":{\"@id\":\"https:\\\/\\\/idonea.com.br\\\/blog\\\/portfolio\\\/#primaryimage\"},\"thumbnailUrl\":\"https:\\\/\\\/idonea.com.br\\\/blog\\\/wp-content\\\/uploads\\\/2022\\\/08\\\/icone-portifolio-tablet-idonea-comunicacao.png\",\"datePublished\":\"2022-08-23T19:27:56+00:00\",\"dateModified\":\"2025-07-21T19:46:39+00:00\",\"description\":\"Veja nosso portf\u00f3lio e algumas das solu\u00e7\u00f5es de comunica\u00e7\u00e3o que a Id\u00f4nea Comunica\u00e7\u00e3o desenvolveu ao longo dos anos.\",\"breadcrumb\":{\"@id\":\"https:\\\/\\\/idonea.com.br\\\/blog\\\/portfolio\\\/#breadcrumb\"},\"inLanguage\":\"pt-BR\",\"potentialAction\":[{\"@type\":\"ReadAction\",\"target\":[\"https:\\\/\\\/idonea.com.br\\\/blog\\\/portfolio\\\/\"]}]},{\"@type\":\"ImageObject\",\"inLanguage\":\"pt-BR\",\"@id\":\"https:\\\/\\\/idonea.com.br\\\/blog\\\/portfolio\\\/#primaryimage\",\"url\":\"https:\\\/\\\/idonea.com.br\\\/blog\\\/wp-content\\\/uploads\\\/2022\\\/08\\\/icone-portifolio-tablet-idonea-comunicacao.png\",\"contentUrl\":\"https:\\\/\\\/idonea.com.br\\\/blog\\\/wp-content\\\/uploads\\\/2022\\\/08\\\/icone-portifolio-tablet-idonea-comunicacao.png\",\"width\":69,\"height\":92},{\"@type\":\"BreadcrumbList\",\"@id\":\"https:\\\/\\\/idonea.com.br\\\/blog\\\/portfolio\\\/#breadcrumb\",\"itemListElement\":[{\"@type\":\"ListItem\",\"position\":1,\"name\":\"In\u00edcio\",\"item\":\"https:\\\/\\\/idonea.com.br\\\/blog\\\/\"},{\"@type\":\"ListItem\",\"position\":2,\"name\":\"Portf\u00f3lio\"}]},{\"@type\":\"WebSite\",\"@id\":\"https:\\\/\\\/idonea.com.br\\\/blog\\\/#website\",\"url\":\"https:\\\/\\\/idonea.com.br\\\/blog\\\/\",\"name\":\"Id\u00f4nea\",\"description\":\"Consultoria em Comunica\u00e7\u00e3o\",\"publisher\":{\"@id\":\"https:\\\/\\\/idonea.com.br\\\/blog\\\/#organization\"},\"potentialAction\":[{\"@type\":\"SearchAction\",\"target\":{\"@type\":\"EntryPoint\",\"urlTemplate\":\"https:\\\/\\\/idonea.com.br\\\/blog\\\/?s={search_term_string}\"},\"query-input\":{\"@type\":\"PropertyValueSpecification\",\"valueRequired\":true,\"valueName\":\"search_term_string\"}}],\"inLanguage\":\"pt-BR\"},{\"@type\":\"Organization\",\"@id\":\"https:\\\/\\\/idonea.com.br\\\/blog\\\/#organization\",\"name\":\"Id\u00f4nea\",\"url\":\"https:\\\/\\\/idonea.com.br\\\/blog\\\/\",\"logo\":{\"@type\":\"ImageObject\",\"inLanguage\":\"pt-BR\",\"@id\":\"https:\\\/\\\/idonea.com.br\\\/blog\\\/#\\\/schema\\\/logo\\\/image\\\/\",\"url\":\"https:\\\/\\\/idonea.com.br\\\/blog\\\/wp-content\\\/uploads\\\/2021\\\/09\\\/logo-idonea-comunicacao.svg\",\"contentUrl\":\"https:\\\/\\\/idonea.com.br\\\/blog\\\/wp-content\\\/uploads\\\/2021\\\/09\\\/logo-idonea-comunicacao.svg\",\"width\":66,\"height\":18,\"caption\":\"Id\u00f4nea\"},\"image\":{\"@id\":\"https:\\\/\\\/idonea.com.br\\\/blog\\\/#\\\/schema\\\/logo\\\/image\\\/\"}}]}<\/script>\n<!-- \/ Yoast SEO plugin. -->","yoast_head_json":{"title":"Id\u00f4nea Comunica\u00e7\u00e3o | Ser Id\u00f4nea \u00e9 ser capaz\"","description":"Veja nosso portf\u00f3lio e algumas das solu\u00e7\u00f5es de comunica\u00e7\u00e3o que a Id\u00f4nea Comunica\u00e7\u00e3o desenvolveu ao longo dos anos.","robots":{"index":"index","follow":"follow","max-snippet":"max-snippet:-1","max-image-preview":"max-image-preview:large","max-video-preview":"max-video-preview:-1"},"canonical":"https:\/\/idonea.com.br\/blog\/portfolio\/","og_locale":"pt_BR","og_type":"article","og_title":"Id\u00f4nea Comunica\u00e7\u00e3o | Ser Id\u00f4nea \u00e9 ser capaz\"","og_description":"Veja nosso portf\u00f3lio e algumas das solu\u00e7\u00f5es de comunica\u00e7\u00e3o que a Id\u00f4nea Comunica\u00e7\u00e3o desenvolveu ao longo dos anos.","og_url":"https:\/\/idonea.com.br\/blog\/portfolio\/","og_site_name":"Id\u00f4nea","article_modified_time":"2025-07-21T19:46:39+00:00","og_image":[{"width":69,"height":92,"url":"https:\/\/idonea.com.br\/blog\/wp-content\/uploads\/2022\/08\/icone-portifolio-tablet-idonea-comunicacao.png","type":"image\/png"}],"twitter_card":"summary_large_image","twitter_misc":{"Est. tempo de leitura":"1 minuto"},"schema":{"@context":"https:\/\/schema.org","@graph":[{"@type":"WebPage","@id":"https:\/\/idonea.com.br\/blog\/portfolio\/","url":"https:\/\/idonea.com.br\/blog\/portfolio\/","name":"Id\u00f4nea Comunica\u00e7\u00e3o | Ser Id\u00f4nea \u00e9 ser capaz\"","isPartOf":{"@id":"https:\/\/idonea.com.br\/blog\/#website"},"primaryImageOfPage":{"@id":"https:\/\/idonea.com.br\/blog\/portfolio\/#primaryimage"},"image":{"@id":"https:\/\/idonea.com.br\/blog\/portfolio\/#primaryimage"},"thumbnailUrl":"https:\/\/idonea.com.br\/blog\/wp-content\/uploads\/2022\/08\/icone-portifolio-tablet-idonea-comunicacao.png","datePublished":"2022-08-23T19:27:56+00:00","dateModified":"2025-07-21T19:46:39+00:00","description":"Veja nosso portf\u00f3lio e algumas das solu\u00e7\u00f5es de comunica\u00e7\u00e3o que a Id\u00f4nea Comunica\u00e7\u00e3o desenvolveu ao longo dos anos.","breadcrumb":{"@id":"https:\/\/idonea.com.br\/blog\/portfolio\/#breadcrumb"},"inLanguage":"pt-BR","potentialAction":[{"@type":"ReadAction","target":["https:\/\/idonea.com.br\/blog\/portfolio\/"]}]},{"@type":"ImageObject","inLanguage":"pt-BR","@id":"https:\/\/idonea.com.br\/blog\/portfolio\/#primaryimage","url":"https:\/\/idonea.com.br\/blog\/wp-content\/uploads\/2022\/08\/icone-portifolio-tablet-idonea-comunicacao.png","contentUrl":"https:\/\/idonea.com.br\/blog\/wp-content\/uploads\/2022\/08\/icone-portifolio-tablet-idonea-comunicacao.png","width":69,"height":92},{"@type":"BreadcrumbList","@id":"https:\/\/idonea.com.br\/blog\/portfolio\/#breadcrumb","itemListElement":[{"@type":"ListItem","position":1,"name":"In\u00edcio","item":"https:\/\/idonea.com.br\/blog\/"},{"@type":"ListItem","position":2,"name":"Portf\u00f3lio"}]},{"@type":"WebSite","@id":"https:\/\/idonea.com.br\/blog\/#website","url":"https:\/\/idonea.com.br\/blog\/","name":"Id\u00f4nea","description":"Consultoria em Comunica\u00e7\u00e3o","publisher":{"@id":"https:\/\/idonea.com.br\/blog\/#organization"},"potentialAction":[{"@type":"SearchAction","target":{"@type":"EntryPoint","urlTemplate":"https:\/\/idonea.com.br\/blog\/?s={search_term_string}"},"query-input":{"@type":"PropertyValueSpecification","valueRequired":true,"valueName":"search_term_string"}}],"inLanguage":"pt-BR"},{"@type":"Organization","@id":"https:\/\/idonea.com.br\/blog\/#organization","name":"Id\u00f4nea","url":"https:\/\/idonea.com.br\/blog\/","logo":{"@type":"ImageObject","inLanguage":"pt-BR","@id":"https:\/\/idonea.com.br\/blog\/#\/schema\/logo\/image\/","url":"https:\/\/idonea.com.br\/blog\/wp-content\/uploads\/2021\/09\/logo-idonea-comunicacao.svg","contentUrl":"https:\/\/idonea.com.br\/blog\/wp-content\/uploads\/2021\/09\/logo-idonea-comunicacao.svg","width":66,"height":18,"caption":"Id\u00f4nea"},"image":{"@id":"https:\/\/idonea.com.br\/blog\/#\/schema\/logo\/image\/"}}]}},"_links":{"self":[{"href":"https:\/\/idonea.com.br\/blog\/wp-json\/wp\/v2\/pages\/346","targetHints":{"allow":["GET"]}}],"collection":[{"href":"https:\/\/idonea.com.br\/blog\/wp-json\/wp\/v2\/pages"}],"about":[{"href":"https:\/\/idonea.com.br\/blog\/wp-json\/wp\/v2\/types\/page"}],"author":[{"embeddable":true,"href":"https:\/\/idonea.com.br\/blog\/wp-json\/wp\/v2\/users\/1"}],"replies":[{"embeddable":true,"href":"https:\/\/idonea.com.br\/blog\/wp-json\/wp\/v2\/comments?post=346"}],"version-history":[{"count":55,"href":"https:\/\/idonea.com.br\/blog\/wp-json\/wp\/v2\/pages\/346\/revisions"}],"predecessor-version":[{"id":2066,"href":"https:\/\/idonea.com.br\/blog\/wp-json\/wp\/v2\/pages\/346\/revisions\/2066"}],"wp:attachment":[{"href":"https:\/\/idonea.com.br\/blog\/wp-json\/wp\/v2\/media?parent=346"}],"curies":[{"name":"wp","href":"https:\/\/api.w.org\/{rel}","templated":true}]}}